{"id":200,"date":"2026-01-23T20:43:45","date_gmt":"2026-01-23T19:43:45","guid":{"rendered":"http:\/\/wordpress.fischereiverein-bad-saeckingen.de\/?page_id=200"},"modified":"2026-01-25T18:47:10","modified_gmt":"2026-01-25T17:47:10","slug":"willkommen","status":"publish","type":"page","link":"https:\/\/www.fischereiverein-bad-saeckingen.de\/index\/","title":{"rendered":"Herzlich Willkommen bei uns im Verein"},"content":{"rendered":"\t\t<div data-elementor-type=\"wp-page\" data-elementor-id=\"200\" class=\"elementor elementor-200\">\n\t\t\t\t<div class=\"elementor-element elementor-element-bec7a9d e-flex e-con-boxed e-con e-parent\" data-id=\"bec7a9d\" data-element_type=\"container\">\n\t\t\t\t\t<div class=\"e-con-inner\">\n\t\t\t\t<div class=\"elementor-element elementor-element-405bab3 elementor-widget__width-auto elementor-widget elementor-widget-image\" data-id=\"405bab3\" data-element_type=\"widget\" data-widget_type=\"image.default\">\n\t\t\t\t\t\t\t\t\t\t\t\t<figure class=\"wp-caption\">\n\t\t\t\t\t\t\t\t\t\t<img fetchpriority=\"high\" decoding=\"async\" width=\"270\" height=\"203\" src=\"https:\/\/www.fischereiverein-bad-saeckingen.de\/wp-content\/uploads\/2017\/02\/logo-e1769195470255.gif\" class=\"attachment-large size-large wp-image-5\" alt=\"Logo E1769195470255\" title=\"Herzlich Willkommen bei uns im Verein\">\t\t\t\t\t\t\t\t\t\t\t<figcaption class=\"widget-image-caption wp-caption-text\"><\/figcaption>\n\t\t\t\t\t\t\t\t\t\t<\/figure>\n\t\t\t\t\t\t\t\t\t<\/div>\n\t\t\t\t\t<\/div>\n\t\t\t\t<\/div>\n\t\t<div class=\"elementor-element elementor-element-1e29c8a e-flex e-con-boxed e-con e-parent\" data-id=\"1e29c8a\" data-element_type=\"container\">\n\t\t\t\t\t<div class=\"e-con-inner\">\n\t\t\t\t<div class=\"elementor-element elementor-element-18651ad elementor-widget elementor-widget-image\" data-id=\"18651ad\" data-element_type=\"widget\" data-widget_type=\"image.default\">\n\t\t\t\t\t\t\t\t\t\t\t\t<figure class=\"wp-caption\">\n\t\t\t\t\t\t\t\t\t\t<img decoding=\"async\" width=\"1024\" height=\"614\" src=\"https:\/\/www.fischereiverein-bad-saeckingen.de\/wp-content\/uploads\/cropped-fischerei-1-1024x614.jpg\" class=\"attachment-large size-large wp-image-277\" alt=\"Cropped Fischerei 1 1024x614\" srcset=\"https:\/\/www.fischereiverein-bad-saeckingen.de\/wp-content\/uploads\/cropped-fischerei-1-1024x614.jpg 1024w, https:\/\/www.fischereiverein-bad-saeckingen.de\/wp-content\/uploads\/cropped-fischerei-1-300x180.jpg 300w, https:\/\/www.fischereiverein-bad-saeckingen.de\/wp-content\/uploads\/cropped-fischerei-1-768x461.jpg 768w, https:\/\/www.fischereiverein-bad-saeckingen.de\/wp-content\/uploads\/cropped-fischerei-1.jpg 2000w\" sizes=\"(max-width: 1024px) 100vw, 1024px\" title=\"Herzlich Willkommen bei uns im Verein\">\t\t\t\t\t\t\t\t\t\t\t<figcaption class=\"widget-image-caption wp-caption-text\"><\/figcaption>\n\t\t\t\t\t\t\t\t\t\t<\/figure>\n\t\t\t\t\t\t\t\t\t<\/div>\n\t\t\t\t\t<\/div>\n\t\t\t\t<\/div>\n\t\t<div class=\"elementor-element elementor-element-224754b7 e-flex e-con-boxed e-con e-parent\" data-id=\"224754b7\" data-element_type=\"container\">\n\t\t\t\t\t<div class=\"e-con-inner\">\n\t\t\t\t<div class=\"elementor-element elementor-element-5f3f232c elementor-widget elementor-widget-text-editor\" data-id=\"5f3f232c\" data-element_type=\"widget\" data-widget_type=\"text-editor.default\">\n\t\t\t\t\t\t\t\t\t<p data-start=\"330\" data-end=\"648\"><span style=\"text-decoration: underline; color: #008080;\"><span>Unser Angelverein blickt auf eine lange Tradition zur\u00fcck: <\/span><\/span><\/p><p data-start=\"330\" data-end=\"648\"><span style=\"color: #008080;\">Seit seiner Gr\u00fcndung im Jahr <strong data-start=\"417\" data-end=\"425\">1925<\/strong> steht er f\u00fcr gelebten Angelsport, Gemeinschaft und Verantwortung. \u00dcber Generationen hinweg verbinden wir die Freude am Angeln mit der sorgf\u00e4ltigen Pflege unserer Gew\u00e4sser und dem nachhaltigen Umgang mit den Fischbest\u00e4nden.<\/span><\/p><p data-start=\"330\" data-end=\"648\"><span style=\"color: #008080;\">Angeln verstehen wir als mehr als ein Hobby. Es ist ein Zusammenspiel aus Erfahrung, Respekt vor der Natur und einem starken kameradschaftlichen Miteinander \u2013 Werte, die unser Vereinsleben seit fast einem Jahrhundert pr\u00e4gen.<\/span><\/p><p data-start=\"650\" data-end=\"947\"><span style=\"color: #008080;\">Wir richten uns an unsere Mitglieder, an Freunde des Angelsports sowie an alle, die Interesse daran haben, Teil unserer Gemeinschaft zu werden. <\/span><\/p><p data-start=\"650\" data-end=\"947\"><span style=\"color: #008080;\">Aktuelle Informationen und Termine finden Sie ebenso wie Einblicke in unsere Vereinsarbeit und unser Engagement in der Gew\u00e4sserpflege und im Naturschutz.<\/span><\/p><p data-start=\"1175\" data-end=\"1323\"><span style=\"color: #008080;\">Wir laden Sie herzlich ein, unseren Verein n\u00e4her kennenzulernen und sich umzusehen. <\/span><\/p><p data-start=\"1175\" data-end=\"1323\"><span style=\"color: #008080;\">F\u00fcr Anregungen, Fragen oder Vorschl\u00e4ge sind wir jederzeit offen.<\/span><\/p><p data-start=\"1325\" data-end=\"1398\"><span style=\"color: #008080;\">Wir w\u00fcnschen viel Freude beim St\u00f6bern<\/span><br data-start=\"1362\" data-end=\"1365\" \/><span style=\"color: #008080;\">und ein kr\u00e4ftiges <strong data-start=\"1383\" data-end=\"1398\">Petri Heil!<\/strong><\/span><\/p><p data-start=\"1400\" data-end=\"1416\"><span style=\"color: #008080;\"><strong data-start=\"1400\" data-end=\"1416\">Der Vorstand<\/strong><\/span><\/p><p><strong><a href=\"\/index\/?cat=11\">Aktuelle Informationen und Termine finden Sie hier!<\/a><\/strong><\/p><hr \/>\t\t\t\t\t\t\t\t<\/div>\n\t\t\t\t\t<\/div>\n\t\t\t\t<\/div>\n\t\t<div class=\"elementor-element elementor-element-1ba0bc8 e-flex e-con-boxed e-con e-parent\" data-id=\"1ba0bc8\" data-element_type=\"container\">\n\t\t\t\t\t<div class=\"e-con-inner\">\n\t\t\t\t<div class=\"elementor-element elementor-element-2c28ea8 elementor-widget elementor-widget-heading\" data-id=\"2c28ea8\" data-element_type=\"widget\" data-widget_type=\"heading.default\">\n\t\t\t\t\t<h3 class=\"elementor-heading-title elementor-size-default\">Von uns bewirtschaftete Gew\u00e4sser<\/h3>\t\t\t\t<\/div>\n\t\t\t\t\t<\/div>\n\t\t\t\t<\/div>\n\t\t<div class=\"elementor-element elementor-element-7cc5a57 e-flex e-con-boxed e-con e-parent\" data-id=\"7cc5a57\" data-element_type=\"container\">\n\t\t\t\t\t<div class=\"e-con-inner\">\n\t\t\t\t<div class=\"elementor-element elementor-element-284a7ae elementor-widget elementor-widget-image\" data-id=\"284a7ae\" data-element_type=\"widget\" data-widget_type=\"image.default\">\n\t\t\t\t\t\t\t\t\t\t\t\t<figure class=\"wp-caption\">\n\t\t\t\t\t\t\t\t\t\t<img decoding=\"async\" width=\"1024\" height=\"492\" src=\"https:\/\/www.fischereiverein-bad-saeckingen.de\/wp-content\/uploads\/Bergsee-1-1024x492.jpg\" class=\"attachment-large size-large wp-image-4502\" alt=\"bergsee\" srcset=\"https:\/\/www.fischereiverein-bad-saeckingen.de\/wp-content\/uploads\/Bergsee-1-1024x492.jpg 1024w, https:\/\/www.fischereiverein-bad-saeckingen.de\/wp-content\/uploads\/Bergsee-1-300x144.jpg 300w, https:\/\/www.fischereiverein-bad-saeckingen.de\/wp-content\/uploads\/Bergsee-1-768x369.jpg 768w, https:\/\/www.fischereiverein-bad-saeckingen.de\/wp-content\/uploads\/Bergsee-1.jpg 1425w\" sizes=\"(max-width: 1024px) 100vw, 1024px\" title=\"Herzlich Willkommen bei uns im Verein\">\t\t\t\t\t\t\t\t\t\t\t<figcaption class=\"widget-image-caption wp-caption-text\">Bergsee<\/figcaption>\n\t\t\t\t\t\t\t\t\t\t<\/figure>\n\t\t\t\t\t\t\t\t\t<\/div>\n\t\t\t\t<div class=\"elementor-element elementor-element-135f7c6 elementor-widget elementor-widget-image\" data-id=\"135f7c6\" data-element_type=\"widget\" data-widget_type=\"image.default\">\n\t\t\t\t\t\t\t\t\t\t\t\t<figure class=\"wp-caption\">\n\t\t\t\t\t\t\t\t\t\t<img loading=\"lazy\" decoding=\"async\" width=\"1024\" height=\"768\" src=\"https:\/\/www.fischereiverein-bad-saeckingen.de\/wp-content\/uploads\/Holzbruecke_Bad_Saeckingen_ueber_den_Rhein_Stein_AG_\u2013_Bad_Saeckingen_DE_20170823-jag9889-1024x768.jpg\" class=\"attachment-large size-large wp-image-4600\" alt=\"rhe326 covered wooden bridge over the hochrhein river, stein ag\" srcset=\"https:\/\/www.fischereiverein-bad-saeckingen.de\/wp-content\/uploads\/Holzbruecke_Bad_Saeckingen_ueber_den_Rhein_Stein_AG_\u2013_Bad_Saeckingen_DE_20170823-jag9889-1024x768.jpg 1024w, https:\/\/www.fischereiverein-bad-saeckingen.de\/wp-content\/uploads\/Holzbruecke_Bad_Saeckingen_ueber_den_Rhein_Stein_AG_\u2013_Bad_Saeckingen_DE_20170823-jag9889-300x225.jpg 300w, https:\/\/www.fischereiverein-bad-saeckingen.de\/wp-content\/uploads\/Holzbruecke_Bad_Saeckingen_ueber_den_Rhein_Stein_AG_\u2013_Bad_Saeckingen_DE_20170823-jag9889-768x576.jpg 768w, https:\/\/www.fischereiverein-bad-saeckingen.de\/wp-content\/uploads\/Holzbruecke_Bad_Saeckingen_ueber_den_Rhein_Stein_AG_\u2013_Bad_Saeckingen_DE_20170823-jag9889-1536x1152.jpg 1536w, https:\/\/www.fischereiverein-bad-saeckingen.de\/wp-content\/uploads\/Holzbruecke_Bad_Saeckingen_ueber_den_Rhein_Stein_AG_\u2013_Bad_Saeckingen_DE_20170823-jag9889-2048x1536.jpg 2048w\" sizes=\"(max-width: 1024px) 100vw, 1024px\" title=\"Herzlich Willkommen bei uns im Verein\">\t\t\t\t\t\t\t\t\t\t\t<figcaption class=\"widget-image-caption wp-caption-text\">unsere Rheinlose 13\/14\/15<\/figcaption>\n\t\t\t\t\t\t\t\t\t\t<\/figure>\n\t\t\t\t\t\t\t\t\t<\/div>\n\t\t\t\t\t<\/div>\n\t\t\t\t<\/div>\n\t\t<div class=\"elementor-element elementor-element-3922686 e-flex e-con-boxed e-con e-parent\" data-id=\"3922686\" data-element_type=\"container\">\n\t\t\t\t\t<div class=\"e-con-inner\">\n\t\t\t\t<div class=\"elementor-element elementor-element-d39a2c7 elementor-widget elementor-widget-text-editor\" data-id=\"d39a2c7\" data-element_type=\"widget\" data-widget_type=\"text-editor.default\">\n\t\t\t\t\t\t\t\t\t<p><span style=\"color: #008080;\">Bei einer aktiven Vereinsmitgliedschaft, sind die Rheinlose 11 &#8211; 19 und der Bergsee im Jahresbeitrag enthalten und d\u00fcrfen befischt werden.<\/span><\/p>\t\t\t\t\t\t\t\t<\/div>\n\t\t\t\t\t<\/div>\n\t\t\t\t<\/div>\n\t\t\t\t<section class=\"elementor-section elementor-top-section elementor-element elementor-element-zdg0qct elementor-section-content-middle elementor-section-boxed elementor-section-height-default elementor-section-height-default\" data-id=\"zdg0qct\" data-element_type=\"section\" data-settings=\"{&quot;background_background&quot;:&quot;classic&quot;}\">\n\t\t\t\t\t\t\t<div class=\"elementor-background-overlay\"><\/div>\n\t\t\t\t\t\t\t<div class=\"elementor-container elementor-column-gap-no\">\n\t\t\t\t\t<div class=\"elementor-column elementor-col-100 elementor-top-column elementor-element elementor-element-8f2340d\" data-id=\"8f2340d\" data-element_type=\"column\">\n\t\t\t<div class=\"elementor-widget-wrap elementor-element-populated\">\n\t\t\t\t\t\t<section class=\"elementor-section elementor-inner-section elementor-element elementor-element-2e5d159 elementor-section-boxed elementor-section-height-default elementor-section-height-default\" data-id=\"2e5d159\" data-element_type=\"section\">\n\t\t\t\t\t\t<div class=\"elementor-container elementor-column-gap-no\">\n\t\t\t\t\t<div class=\"elementor-column elementor-col-25 elementor-inner-column elementor-element elementor-element-31be6c7\" data-id=\"31be6c7\" data-element_type=\"column\">\n\t\t\t<div class=\"elementor-widget-wrap elementor-element-populated\">\n\t\t\t\t\t\t<div class=\"elementor-element elementor-element-c61711b elementor-widget elementor-widget-heading\" data-id=\"c61711b\" data-element_type=\"widget\" data-widget_type=\"heading.default\">\n\t\t\t\t\t<h3 class=\"elementor-heading-title elementor-size-default\">Jugend  ist Zukunft<\/h3>\t\t\t\t<\/div>\n\t\t\t\t<div class=\"elementor-element elementor-element-48e403b elementor-align-center elementor-widget elementor-widget-button\" data-id=\"48e403b\" data-element_type=\"widget\" data-widget_type=\"button.default\">\n\t\t\t\t\t\t\t\t\t\t<a class=\"elementor-button elementor-button-link elementor-size-sm\" href=\"https:\/\/www.fischereiverein-bad-saeckingen.de\/index\/jugend\">\n\t\t\t\t\t\t<span class=\"elementor-button-content-wrapper\">\n\t\t\t\t\t\t\t\t\t<span class=\"elementor-button-text\">Intresse?<\/span>\n\t\t\t\t\t<\/span>\n\t\t\t\t\t<\/a>\n\t\t\t\t\t\t\t\t<\/div>\n\t\t\t\t\t<\/div>\n\t\t<\/div>\n\t\t\t\t<div class=\"elementor-column elementor-col-25 elementor-inner-column elementor-element elementor-element-95cd7ea\" data-id=\"95cd7ea\" data-element_type=\"column\">\n\t\t\t<div class=\"elementor-widget-wrap elementor-element-populated\">\n\t\t\t\t\t\t<div class=\"elementor-element elementor-element-90fff60 elementor-widget elementor-widget-heading\" data-id=\"90fff60\" data-element_type=\"widget\" data-widget_type=\"heading.default\">\n\t\t\t\t\t<h3 class=\"elementor-heading-title elementor-size-default\">Praxistag<\/h3>\t\t\t\t<\/div>\n\t\t\t\t<div class=\"elementor-element elementor-element-cbda4c4 elementor-widget elementor-widget-button\" data-id=\"cbda4c4\" data-element_type=\"widget\" data-widget_type=\"button.default\">\n\t\t\t\t\t\t\t\t\t\t<a class=\"elementor-button elementor-button-link elementor-size-sm\" href=\"https:\/\/www.fischereiverein-bad-saeckingen.de\/index\/willkommen\/praxistage\">\n\t\t\t\t\t\t<span class=\"elementor-button-content-wrapper\">\n\t\t\t\t\t\t\t\t\t<span class=\"elementor-button-text\">Info<\/span>\n\t\t\t\t\t<\/span>\n\t\t\t\t\t<\/a>\n\t\t\t\t\t\t\t\t<\/div>\n\t\t\t\t\t<\/div>\n\t\t<\/div>\n\t\t\t\t<div class=\"elementor-column elementor-col-25 elementor-inner-column elementor-element elementor-element-c1e2bbc\" data-id=\"c1e2bbc\" data-element_type=\"column\">\n\t\t\t<div class=\"elementor-widget-wrap elementor-element-populated\">\n\t\t\t\t\t\t<div class=\"elementor-element elementor-element-272551c elementor-widget elementor-widget-heading\" data-id=\"272551c\" data-element_type=\"widget\" data-widget_type=\"heading.default\">\n\t\t\t\t\t<h3 class=\"elementor-heading-title elementor-size-default\">Werde Mitglied<\/h3>\t\t\t\t<\/div>\n\t\t\t\t<div class=\"elementor-element elementor-element-b2fb286 elementor-widget elementor-widget-button\" data-id=\"b2fb286\" data-element_type=\"widget\" data-widget_type=\"button.default\">\n\t\t\t\t\t\t\t\t\t\t<a class=\"elementor-button elementor-button-link elementor-size-sm\" href=\"https:\/\/www.fischereiverein-bad-saeckingen.de\/index\/mitglieder\">\n\t\t\t\t\t\t<span class=\"elementor-button-content-wrapper\">\n\t\t\t\t\t\t\t\t\t<span class=\"elementor-button-text\">Dabei?<\/span>\n\t\t\t\t\t<\/span>\n\t\t\t\t\t<\/a>\n\t\t\t\t\t\t\t\t<\/div>\n\t\t\t\t\t<\/div>\n\t\t<\/div>\n\t\t\t\t<div class=\"elementor-column elementor-col-25 elementor-inner-column elementor-element elementor-element-461c572\" data-id=\"461c572\" data-element_type=\"column\">\n\t\t\t<div class=\"elementor-widget-wrap elementor-element-populated\">\n\t\t\t\t\t\t<div class=\"elementor-element elementor-element-fe2ed7f elementor-widget elementor-widget-heading\" data-id=\"fe2ed7f\" data-element_type=\"widget\" data-widget_type=\"heading.default\">\n\t\t\t\t\t<h3 class=\"elementor-heading-title elementor-size-default\">Vermietung<\/h3>\t\t\t\t<\/div>\n\t\t\t\t<div class=\"elementor-element elementor-element-8e4c4b1 elementor-widget elementor-widget-button\" data-id=\"8e4c4b1\" data-element_type=\"widget\" data-widget_type=\"button.default\">\n\t\t\t\t\t\t\t\t\t\t<a class=\"elementor-button elementor-button-link elementor-size-sm\" href=\"https:\/\/www.fischereiverein-bad-saeckingen.de\/index\/vereinsheim\">\n\t\t\t\t\t\t<span class=\"elementor-button-content-wrapper\">\n\t\t\t\t\t\t\t\t\t<span class=\"elementor-button-text\">Info<\/span>\n\t\t\t\t\t<\/span>\n\t\t\t\t\t<\/a>\n\t\t\t\t\t\t\t\t<\/div>\n\t\t\t\t\t<\/div>\n\t\t<\/div>\n\t\t\t\t\t<\/div>\n\t\t<\/section>\n\t\t\t\t\t<\/div>\n\t\t<\/div>\n\t\t\t\t\t<\/div>\n\t\t<\/section>\n\t\t<div class=\"elementor-element elementor-element-40fc0cb e-flex e-con-boxed e-con e-parent\" data-id=\"40fc0cb\" data-element_type=\"container\">\n\t\t\t\t\t<div class=\"e-con-inner\">\n\t\t\t\t<div class=\"elementor-element elementor-element-7e1771f elementor-widget elementor-widget-text-editor\" data-id=\"7e1771f\" data-element_type=\"widget\" data-widget_type=\"text-editor.default\">\n\t\t\t\t\t\t\t\t\t<p><a href=\"https:\/\/www.fischereiverein-bad-saeckingen.de\/wp-content\/uploads\/Jahresprogramm-2026.pdf\">Jahres &#8211; und Jugendprogramm 2026<\/a><\/p>\t\t\t\t\t\t\t\t<\/div>\n\t\t\t\t\t<\/div>\n\t\t\t\t<\/div>\n\t\t\t\t<\/div>\n\t\t","protected":false},"excerpt":{"rendered":"<p>Unser Angelverein blickt auf eine lange Tradition zur\u00fcck: Seit seiner Gr\u00fcndung im Jahr 1925 steht er f\u00fcr gelebten Angelsport, Gemeinschaft und Verantwortung. \u00dcber Generationen hinweg verbinden wir die Freude am Angeln mit der sorgf\u00e4ltigen Pflege unserer Gew\u00e4sser und dem nachhaltigen Umgang mit den Fischbest\u00e4nden. Angeln verstehen wir als mehr als ein Hobby. Es ist ein [&hellip;]<\/p>\n","protected":false},"author":1,"featured_media":0,"parent":0,"menu_order":17,"comment_status":"closed","ping_status":"closed","template":"","meta":{"_surecart_dashboard_logo_width":"180px","_surecart_dashboard_show_logo":true,"_surecart_dashboard_navigation_orders":true,"_surecart_dashboard_navigation_invoices":true,"_surecart_dashboard_navigation_subscriptions":true,"_surecart_dashboard_navigation_downloads":true,"_surecart_dashboard_navigation_billing":true,"_surecart_dashboard_navigation_account":true,"site-sidebar-layout":"default","site-content-layout":"","ast-site-content-layout":"default","site-content-style":"default","site-sidebar-style":"default","ast-global-header-display":"","ast-banner-title-visibility":"","ast-main-header-display":"","ast-hfb-above-header-display":"","ast-hfb-below-header-display":"","ast-hfb-mobile-header-display":"","site-post-title":"","ast-breadcrumbs-content":"","ast-featured-img":"","footer-sml-layout":"","ast-disable-related-posts":"","theme-transparent-header-meta":"default","adv-header-id-meta":"","stick-header-meta":"","header-above-stick-meta":"","header-main-stick-meta":"","header-below-stick-meta":"","astra-migrate-meta-layouts":"set","ast-page-background-enabled":"default","ast-page-background-meta":{"desktop":{"background-color":"var(--ast-global-color-4)","background-image":"","background-repeat":"repeat","background-position":"center center","background-size":"auto","background-attachment":"scroll","background-type":"","background-media":"","overlay-type":"","overlay-color":"","overlay-opacity":"","overlay-gradient":""},"tablet":{"background-color":"","background-image":"","background-repeat":"repeat","background-position":"center center","background-size":"auto","background-attachment":"scroll","background-type":"","background-media":"","overlay-type":"","overlay-color":"","overlay-opacity":"","overlay-gradient":""},"mobile":{"background-color":"","background-image":"","background-repeat":"repeat","background-position":"center center","background-size":"auto","background-attachment":"scroll","background-type":"","background-media":"","overlay-type":"","overlay-color":"","overlay-opacity":"","overlay-gradient":""}},"ast-content-background-meta":{"desktop":{"background-color":"var(--ast-global-color-5)","background-image":"","background-repeat":"repeat","background-position":"center center","background-size":"auto","background-attachment":"scroll","background-type":"","background-media":"","overlay-type":"","overlay-color":"","overlay-opacity":"","overlay-gradient":""},"tablet":{"background-color":"var(--ast-global-color-5)","background-image":"","background-repeat":"repeat","background-position":"center center","background-size":"auto","background-attachment":"scroll","background-type":"","background-media":"","overlay-type":"","overlay-color":"","overlay-opacity":"","overlay-gradient":""},"mobile":{"background-color":"var(--ast-global-color-5)","background-image":"","background-repeat":"repeat","background-position":"center center","background-size":"auto","background-attachment":"scroll","background-type":"","background-media":"","overlay-type":"","overlay-color":"","overlay-opacity":"","overlay-gradient":""}},"footnotes":""},"class_list":["post-200","page","type-page","status-publish","hentry"],"_links":{"self":[{"href":"https:\/\/www.fischereiverein-bad-saeckingen.de\/index\/wp-json\/wp\/v2\/pages\/200","targetHints":{"allow":["GET"]}}],"collection":[{"href":"https:\/\/www.fischereiverein-bad-saeckingen.de\/index\/wp-json\/wp\/v2\/pages"}],"about":[{"href":"https:\/\/www.fischereiverein-bad-saeckingen.de\/index\/wp-json\/wp\/v2\/types\/page"}],"author":[{"embeddable":true,"href":"https:\/\/www.fischereiverein-bad-saeckingen.de\/index\/wp-json\/wp\/v2\/users\/1"}],"replies":[{"embeddable":true,"href":"https:\/\/www.fischereiverein-bad-saeckingen.de\/index\/wp-json\/wp\/v2\/comments?post=200"}],"version-history":[{"count":404,"href":"https:\/\/www.fischereiverein-bad-saeckingen.de\/index\/wp-json\/wp\/v2\/pages\/200\/revisions"}],"predecessor-version":[{"id":4959,"href":"https:\/\/www.fischereiverein-bad-saeckingen.de\/index\/wp-json\/wp\/v2\/pages\/200\/revisions\/4959"}],"wp:attachment":[{"href":"https:\/\/www.fischereiverein-bad-saeckingen.de\/index\/wp-json\/wp\/v2\/media?parent=200"}],"curies":[{"name":"wp","href":"https:\/\/api.w.org\/{rel}","templated":true}]}}