{"id":986,"date":"2026-01-24T01:16:27","date_gmt":"2026-01-24T00:16:27","guid":{"rendered":"http:\/\/www.fischereiverein-bad-saeckingen.de\/index\/?page_id=986"},"modified":"2026-01-24T19:35:57","modified_gmt":"2026-01-24T18:35:57","slug":"datenschutzerklaerung","status":"publish","type":"page","link":"https:\/\/www.fischereiverein-bad-saeckingen.de\/index\/datenschutzerklaerung","title":{"rendered":"Datenschutzerkl\u00e4rung"},"content":{"rendered":"\t\t<div data-elementor-type=\"wp-page\" data-elementor-id=\"986\" class=\"elementor elementor-986\">\n\t\t\t\t<div class=\"elementor-element elementor-element-4a31bb26 e-flex e-con-boxed e-con e-parent\" data-id=\"4a31bb26\" data-element_type=\"container\">\n\t\t\t\t\t<div class=\"e-con-inner\">\n\t\t\t\t<div class=\"elementor-element elementor-element-52c0e714 elementor-drop-cap-yes elementor-drop-cap-view-default elementor-widget elementor-widget-text-editor\" data-id=\"52c0e714\" data-element_type=\"widget\" data-settings=\"{&quot;drop_cap&quot;:&quot;yes&quot;}\" data-widget_type=\"text-editor.default\">\n\t\t\t\t\t\t\t\t\t<h4 data-start=\"1377\" data-end=\"1396\"><strong>Verantwortlicher<\/strong><\/h4><p data-start=\"1398\" data-end=\"1498\"><strong data-start=\"1398\" data-end=\"1440\">Fischereiverein Bad S\u00e4ckingen u.U.e.V.<\/strong><br data-start=\"1440\" data-end=\"1443\" \/>Rheinuferstra\u00dfe 7<br data-start=\"1460\" data-end=\"1463\" \/>79713 Bad S\u00e4ckingen<br data-start=\"1482\" data-end=\"1485\" \/>Deutschland<\/p><p data-start=\"1500\" data-end=\"1599\">Vertreten durch die Vorsitzende: <strong data-start=\"1533\" data-end=\"1550\">Imelda Paulov<\/strong><br data-start=\"1550\" data-end=\"1553\" \/>E-Mail: <a class=\"decorated-link cursor-pointer\" rel=\"noopener\" data-start=\"1561\" data-end=\"1599\">info@fischereiverein-bad-saeckingen.de<\/a><\/p><h5 data-start=\"1606\" data-end=\"1628\"><strong>Allgemeine Hinweise<\/strong><\/h5><p data-start=\"1630\" data-end=\"1828\">Der Schutz Ihrer personenbezogenen Daten ist uns wichtig. Personenbezogene Daten werden auf dieser Website ausschlie\u00dflich im Rahmen der Datenschutz-Grundverordnung (DSGVO) und des TTDSG verarbeitet.<\/p><h5 data-start=\"1835\" data-end=\"1851\"><strong>Zugriffsdaten<\/strong><\/h5><p data-start=\"1853\" data-end=\"2066\">Beim Besuch dieser Website werden automatisch Daten (z. B. IP-Adresse, Datum und Uhrzeit, Browsertyp) durch den Hosting-Anbieter verarbeitet.<br data-start=\"1994\" data-end=\"1997\" \/>Dies dient der technischen Bereitstellung und Sicherheit der Website.<\/p><p data-start=\"2068\" data-end=\"2115\"><strong data-start=\"2068\" data-end=\"2088\">Rechtsgrundlage:<\/strong> Art. 6 Abs. 1 lit. f DSGVO<\/p><h5 data-start=\"2122\" data-end=\"2140\"><strong>Kontaktformular<\/strong><\/h5><p data-start=\"2142\" data-end=\"2249\">Wenn Sie uns per Kontaktformular kontaktieren, werden Ihre Angaben zur Bearbeitung der Anfrage verarbeitet.<\/p><p data-start=\"2251\" data-end=\"2305\"><strong data-start=\"2251\" data-end=\"2271\">Rechtsgrundlage:<\/strong> Art. 6 Abs. 1 lit. a oder b DSGVO<\/p><p data-start=\"2251\" data-end=\"2305\">\u00a0<\/p><h5 data-start=\"2312\" data-end=\"2325\"><strong>Kommentare<\/strong><\/h5><p data-start=\"2327\" data-end=\"2443\">Bei Kommentaren werden die eingegebenen Daten sowie IP-Adresse und Browserkennung verarbeitet, um Spam zu vermeiden.<\/p><p data-start=\"2445\" data-end=\"2492\"><strong>Rechtsgrundlage:<\/strong> Art. 6 Abs. 1 lit. f DSGVO<\/p><h5 data-start=\"2494\" data-end=\"2506\"><strong>Gravatar<\/strong><\/h5><p data-start=\"2508\" data-end=\"2636\">Zur Anzeige von Profilbildern kann ein Hash der E-Mail-Adresse an den Dienst Gravatar (Automattic Inc., USA) \u00fcbermittelt werden.<\/p><h5 data-start=\"2643\" data-end=\"2653\"><strong>Cookies<\/strong><\/h5><p data-start=\"2655\" data-end=\"2723\">Diese Website verwendet ausschlie\u00dflich technisch notwendige Cookies.<\/p><p data-start=\"2725\" data-end=\"2769\"><strong data-start=\"2725\" data-end=\"2745\">Rechtsgrundlage:<\/strong> \u00a7 25 Abs. 2 Nr. 2 TTDSG<\/p><h5 data-start=\"2776\" data-end=\"2799\"><strong>Eingebettete Inhalte<\/strong><\/h5><p data-start=\"2801\" data-end=\"2922\">Beitr\u00e4ge k\u00f6nnen eingebettete Inhalte enthalten (z. B. Videos). Dabei k\u00f6nnen Daten durch Drittanbieter verarbeitet werden.<\/p><h5 data-start=\"2929\" data-end=\"2946\"><strong>Analysedienste<\/strong><\/h5><p data-start=\"2948\" data-end=\"3006\">Es werden keine Analyse- oder Tracking-Dienste eingesetzt.<\/p><h5 data-start=\"3013\" data-end=\"3029\"><strong>Speicherdauer<\/strong><\/h5><p data-start=\"3031\" data-end=\"3185\">Personenbezogene Daten werden nur so lange gespeichert, wie dies erforderlich oder gesetzlich vorgeschrieben ist. Kommentare werden dauerhaft gespeichert.<\/p><h5 data-start=\"3031\" data-end=\"3185\">\u00a0<\/h5><h5 data-start=\"3192\" data-end=\"3206\"><strong>Ihre Rechte<\/strong><\/h5><p data-start=\"3208\" data-end=\"3422\">Sie haben das Recht auf Auskunft, Berichtigung, L\u00f6schung, Einschr\u00e4nkung der Verarbeitung, Daten\u00fcbertragbarkeit sowie Widerspruch.<br data-start=\"3337\" data-end=\"3340\" \/>Zudem besteht ein Beschwerderecht bei der zust\u00e4ndigen Datenschutzaufsichtsbeh\u00f6rde.<\/p><h5 data-start=\"3429\" data-end=\"3447\"><strong>Datensicherheit<\/strong><\/h5><p data-start=\"3449\" data-end=\"3538\">Wir treffen angemessene technische und organisatorische Ma\u00dfnahmen zum Schutz Ihrer Daten.<\/p><h5 data-start=\"3545\" data-end=\"3558\"><strong>Aktualit\u00e4t<\/strong><\/h5><p data-start=\"3560\" data-end=\"3588\">Stand: 24.01.2026<\/p>\t\t\t\t\t\t\t\t<\/div>\n\t\t\t\t\t<\/div>\n\t\t\t\t<\/div>\n\t\t\t\t<\/div>\n\t\t","protected":false},"excerpt":{"rendered":"<p>Verantwortlicher Fischereiverein Bad S\u00e4ckingen u.U.e.V.Rheinuferstra\u00dfe 779713 Bad S\u00e4ckingenDeutschland Vertreten durch die Vorsitzende: Imelda PaulovE-Mail: info@fischereiverein-bad-saeckingen.de Allgemeine Hinweise Der Schutz Ihrer personenbezogenen Daten ist uns wichtig. Personenbezogene Daten werden auf dieser Website ausschlie\u00dflich im Rahmen der Datenschutz-Grundverordnung (DSGVO) und des TTDSG verarbeitet. Zugriffsdaten Beim Besuch dieser Website werden automatisch Daten (z. B. IP-Adresse, Datum und Uhrzeit, [&hellip;]<\/p>\n","protected":false},"author":1,"featured_media":0,"parent":0,"menu_order":5,"comment_status":"closed","ping_status":"closed","template":"","meta":{"_surecart_dashboard_logo_width":"180px","_surecart_dashboard_show_logo":true,"_surecart_dashboard_navigation_orders":true,"_surecart_dashboard_navigation_invoices":true,"_surecart_dashboard_navigation_subscriptions":true,"_surecart_dashboard_navigation_downloads":true,"_surecart_dashboard_navigation_billing":true,"_surecart_dashboard_navigation_account":true,"site-sidebar-layout":"default","site-content-layout":"","ast-site-content-layout":"default","site-content-style":"default","site-sidebar-style":"default","ast-global-header-display":"","ast-banner-title-visibility":"","ast-main-header-display":"","ast-hfb-above-header-display":"","ast-hfb-below-header-display":"","ast-hfb-mobile-header-display":"","site-post-title":"","ast-breadcrumbs-content":"","ast-featured-img":"","footer-sml-layout":"","ast-disable-related-posts":"","theme-transparent-header-meta":"","adv-header-id-meta":"","stick-header-meta":"","header-above-stick-meta":"","header-main-stick-meta":"","header-below-stick-meta":"","astra-migrate-meta-layouts":"default","ast-page-background-enabled":"default","ast-page-background-meta":{"desktop":{"background-color":"var(--ast-global-color-4)","background-image":"","background-repeat":"repeat","background-position":"center center","background-size":"auto","background-attachment":"scroll","background-type":"","background-media":"","overlay-type":"","overlay-color":"","overlay-opacity":"","overlay-gradient":""},"tablet":{"background-color":"","background-image":"","background-repeat":"repeat","background-position":"center center","background-size":"auto","background-attachment":"scroll","background-type":"","background-media":"","overlay-type":"","overlay-color":"","overlay-opacity":"","overlay-gradient":""},"mobile":{"background-color":"","background-image":"","background-repeat":"repeat","background-position":"center center","background-size":"auto","background-attachment":"scroll","background-type":"","background-media":"","overlay-type":"","overlay-color":"","overlay-opacity":"","overlay-gradient":""}},"ast-content-background-meta":{"desktop":{"background-color":"var(--ast-global-color-5)","background-image":"","background-repeat":"repeat","background-position":"center center","background-size":"auto","background-attachment":"scroll","background-type":"","background-media":"","overlay-type":"","overlay-color":"","overlay-opacity":"","overlay-gradient":""},"tablet":{"background-color":"var(--ast-global-color-5)","background-image":"","background-repeat":"repeat","background-position":"center center","background-size":"auto","background-attachment":"scroll","background-type":"","background-media":"","overlay-type":"","overlay-color":"","overlay-opacity":"","overlay-gradient":""},"mobile":{"background-color":"var(--ast-global-color-5)","background-image":"","background-repeat":"repeat","background-position":"center center","background-size":"auto","background-attachment":"scroll","background-type":"","background-media":"","overlay-type":"","overlay-color":"","overlay-opacity":"","overlay-gradient":""}},"footnotes":""},"class_list":["post-986","page","type-page","status-publish","hentry"],"_links":{"self":[{"href":"https:\/\/www.fischereiverein-bad-saeckingen.de\/index\/wp-json\/wp\/v2\/pages\/986","targetHints":{"allow":["GET"]}}],"collection":[{"href":"https:\/\/www.fischereiverein-bad-saeckingen.de\/index\/wp-json\/wp\/v2\/pages"}],"about":[{"href":"https:\/\/www.fischereiverein-bad-saeckingen.de\/index\/wp-json\/wp\/v2\/types\/page"}],"author":[{"embeddable":true,"href":"https:\/\/www.fischereiverein-bad-saeckingen.de\/index\/wp-json\/wp\/v2\/users\/1"}],"replies":[{"embeddable":true,"href":"https:\/\/www.fischereiverein-bad-saeckingen.de\/index\/wp-json\/wp\/v2\/comments?post=986"}],"version-history":[{"count":16,"href":"https:\/\/www.fischereiverein-bad-saeckingen.de\/index\/wp-json\/wp\/v2\/pages\/986\/revisions"}],"predecessor-version":[{"id":4731,"href":"https:\/\/www.fischereiverein-bad-saeckingen.de\/index\/wp-json\/wp\/v2\/pages\/986\/revisions\/4731"}],"wp:attachment":[{"href":"https:\/\/www.fischereiverein-bad-saeckingen.de\/index\/wp-json\/wp\/v2\/media?parent=986"}],"curies":[{"name":"wp","href":"https:\/\/api.w.org\/{rel}","templated":true}]}}